{"id":726,"date":"2021-02-17T11:35:18","date_gmt":"2021-02-17T14:35:18","guid":{"rendered":"http:\/\/isotex.agenciaupper.com.br\/wp\/?post_type=product&#038;p=726"},"modified":"2021-08-24T14:04:17","modified_gmt":"2021-08-24T17:04:17","slug":"scl-hk11","status":"publish","type":"product","link":"http:\/\/jcisotex.com\/pb\/produto\/scl-hk11\/","title":{"rendered":"SCL-HK11"},"content":{"rendered":"<p>A tinta digital <strong>ISONIK<\/strong> SCL-HK11 possu\u00ed cores brilhantes e vibrantes, que garantem uma gama ampla e profunda. A tecnologia inovadora da <strong>ISONIK<\/strong> foi concebida especificamente para oferecer taxas de secagem altas, e obter uma intensidade de cor excepcional &#8211; tanto em pap\u00e9is revestidos quanto n\u00e3o revestidos.<br \/>\nA tinta digital <strong>ISONIK<\/strong> SCL-HK11 concede, tamb\u00e9m, a melhor cor, confere uma excelente flu\u00eancia e garante produ\u00e7\u00f5es industriais massivas sem interrup\u00e7\u00f5es constantes para procedimentos de limpeza.A tinta digital <strong>ISONIK<\/strong> SCL-HK11 possu\u00ed cores brilhantes e vibrantes, que garantem uma gama ampla e profunda. A tecnologia inovadora da<strong> ISONIK<\/strong> foi concebida especificamente para oferecer taxas de secagem altas, e obter uma intensidade de cor excepcional &#8211; tanto em pap\u00e9is revestidos quanto n\u00e3o revestidos.<br \/>\nA tinta digital <strong>ISONIK<\/strong> SCL-HK11 concede, tamb\u00e9m, a melhor cor, confere uma excelente flu\u00eancia e garante produ\u00e7\u00f5es industriais massivas sem interrup\u00e7\u00f5es constantes para procedimentos de limpeza.<\/p>","protected":false},"excerpt":{"rendered":"<p>A tinta digital ISONIK SCL-HK11 possu\u00ed cores brilhantes e vibrantes, que garantem uma gama ampla e profunda. A tecnologia inovadora da ISONIK foi concebida especificamente para oferecer taxas de secagem altas, e obter uma intensidade de cor excepcional &#8211; tanto em pap\u00e9is revestidos quanto n\u00e3o revestidos. A tinta digital ISONIK SCL-HK11 concede, tamb\u00e9m, a melhor [&hellip;]<\/p>\n","protected":false},"featured_media":374,"template":"","meta":[],"product_cat":[19],"product_tag":[],"class_list":["post-726","product","type-product","status-publish","has-post-thumbnail","hentry","product_cat-tinta-digital"],"yoast_head":"<!-- This site is optimized with the Yoast SEO Premium plugin v16.1 (Yoast SEO v18.2) - https:\/\/yoast.com\/wordpress\/plugins\/seo\/ -->\n<title>SCL-HK11 - ISOTEX<\/title>\n<meta name=\"robots\" content=\"index, follow, max-snippet:-1, max-image-preview:large, max-video-preview:-1\" \/>\n<link rel=\"canonical\" href=\"http:\/\/jcisotex.com\/pb\/produto\/scl-hk11\/\" \/>\n<meta property=\"og:locale\" content=\"pt_BR\" \/>\n<meta property=\"og:type\" content=\"article\" \/>\n<meta property=\"og:title\" content=\"SCL-HK11 - ISOTEX\" \/>\n<meta property=\"og:description\" content=\"A tinta digital ISONIK SCL-HK11 possu\u00ed cores brilhantes e vibrantes, que garantem uma gama ampla e profunda. A tecnologia inovadora da ISONIK foi concebida especificamente para oferecer taxas de secagem altas, e obter uma intensidade de cor excepcional &#8211; tanto em pap\u00e9is revestidos quanto n\u00e3o revestidos. A tinta digital ISONIK SCL-HK11 concede, tamb\u00e9m, a melhor [&hellip;]\" \/>\n<meta property=\"og:url\" content=\"http:\/\/jcisotex.com\/pb\/produto\/scl-hk11\/\" \/>\n<meta property=\"og:site_name\" content=\"ISOTEX\" \/>\n<meta property=\"article:modified_time\" content=\"2021-08-24T17:04:17+00:00\" \/>\n<meta property=\"og:image\" content=\"http:\/\/jcisotex.com\/wp-content\/uploads\/2021\/02\/tinta-digital-jc-isotex-isonik-scl-hk11.jpg\" \/>\n\t<meta property=\"og:image:width\" content=\"1598\" \/>\n\t<meta property=\"og:image:height\" content=\"714\" \/>\n\t<meta property=\"og:image:type\" content=\"image\/jpeg\" \/>\n<meta name=\"twitter:card\" content=\"summary_large_image\" \/>\n<meta name=\"twitter:label1\" content=\"Est. tempo de leitura\" \/>\n\t<meta name=\"twitter:data1\" content=\"1 minuto\" \/>\n<script type=\"application\/ld+json\" class=\"yoast-schema-graph\">{\"@context\":\"https:\/\/schema.org\",\"@graph\":[{\"@type\":\"WebSite\",\"@id\":\"http:\/\/jcisotex.com\/pb\/#website\",\"url\":\"http:\/\/jcisotex.com\/pb\/\",\"name\":\"ISOTEX\",\"description\":\"\",\"potentialAction\":[{\"@type\":\"SearchAction\",\"target\":{\"@type\":\"EntryPoint\",\"urlTemplate\":\"http:\/\/jcisotex.com\/pb\/?s={search_term_string}\"},\"query-input\":\"required name=search_term_string\"}],\"inLanguage\":\"pt-BR\"},{\"@type\":\"ImageObject\",\"@id\":\"http:\/\/jcisotex.com\/pb\/produto\/scl-hk11\/#primaryimage\",\"inLanguage\":\"pt-BR\",\"url\":\"http:\/\/jcisotex.com\/wp-content\/uploads\/2021\/02\/tinta-digital-jc-isotex-isonik-scl-hk11.jpg\",\"contentUrl\":\"http:\/\/jcisotex.com\/wp-content\/uploads\/2021\/02\/tinta-digital-jc-isotex-isonik-scl-hk11.jpg\",\"width\":1598,\"height\":714},{\"@type\":\"WebPage\",\"@id\":\"http:\/\/jcisotex.com\/pb\/produto\/scl-hk11\/#webpage\",\"url\":\"http:\/\/jcisotex.com\/pb\/produto\/scl-hk11\/\",\"name\":\"SCL-HK11 - ISOTEX\",\"isPartOf\":{\"@id\":\"http:\/\/jcisotex.com\/pb\/#website\"},\"primaryImageOfPage\":{\"@id\":\"http:\/\/jcisotex.com\/pb\/produto\/scl-hk11\/#primaryimage\"},\"datePublished\":\"2021-02-17T14:35:18+00:00\",\"dateModified\":\"2021-08-24T17:04:17+00:00\",\"breadcrumb\":{\"@id\":\"http:\/\/jcisotex.com\/pb\/produto\/scl-hk11\/#breadcrumb\"},\"inLanguage\":\"pt-BR\",\"potentialAction\":[{\"@type\":\"ReadAction\",\"target\":[\"http:\/\/jcisotex.com\/pb\/produto\/scl-hk11\/\"]}]},{\"@type\":\"BreadcrumbList\",\"@id\":\"http:\/\/jcisotex.com\/pb\/produto\/scl-hk11\/#breadcrumb\",\"itemListElement\":[{\"@type\":\"ListItem\",\"position\":1,\"name\":\"In\u00edcio\",\"item\":\"http:\/\/jcisotex.com\/pb\/\"},{\"@type\":\"ListItem\",\"position\":2,\"name\":\"Loja\",\"item\":\"http:\/\/jcisotex.com\/pb\/loja\/\"},{\"@type\":\"ListItem\",\"position\":3,\"name\":\"SCL-HK11\"}]}]}<\/script>\n<!-- \/ Yoast SEO Premium plugin. -->","yoast_head_json":{"title":"SCL-HK11 - ISOTEX","robots":{"index":"index","follow":"follow","max-snippet":"max-snippet:-1","max-image-preview":"max-image-preview:large","max-video-preview":"max-video-preview:-1"},"canonical":"http:\/\/jcisotex.com\/pb\/produto\/scl-hk11\/","og_locale":"pt_BR","og_type":"article","og_title":"SCL-HK11 - ISOTEX","og_description":"A tinta digital ISONIK SCL-HK11 possu\u00ed cores brilhantes e vibrantes, que garantem uma gama ampla e profunda. A tecnologia inovadora da ISONIK foi concebida especificamente para oferecer taxas de secagem altas, e obter uma intensidade de cor excepcional &#8211; tanto em pap\u00e9is revestidos quanto n\u00e3o revestidos. A tinta digital ISONIK SCL-HK11 concede, tamb\u00e9m, a melhor [&hellip;]","og_url":"http:\/\/jcisotex.com\/pb\/produto\/scl-hk11\/","og_site_name":"ISOTEX","article_modified_time":"2021-08-24T17:04:17+00:00","og_image":[{"width":1598,"height":714,"url":"http:\/\/jcisotex.com\/wp-content\/uploads\/2021\/02\/tinta-digital-jc-isotex-isonik-scl-hk11.jpg","type":"image\/jpeg"}],"twitter_card":"summary_large_image","twitter_misc":{"Est. tempo de leitura":"1 minuto"},"schema":{"@context":"https:\/\/schema.org","@graph":[{"@type":"WebSite","@id":"http:\/\/jcisotex.com\/pb\/#website","url":"http:\/\/jcisotex.com\/pb\/","name":"ISOTEX","description":"","potentialAction":[{"@type":"SearchAction","target":{"@type":"EntryPoint","urlTemplate":"http:\/\/jcisotex.com\/pb\/?s={search_term_string}"},"query-input":"required name=search_term_string"}],"inLanguage":"pt-BR"},{"@type":"ImageObject","@id":"http:\/\/jcisotex.com\/pb\/produto\/scl-hk11\/#primaryimage","inLanguage":"pt-BR","url":"http:\/\/jcisotex.com\/wp-content\/uploads\/2021\/02\/tinta-digital-jc-isotex-isonik-scl-hk11.jpg","contentUrl":"http:\/\/jcisotex.com\/wp-content\/uploads\/2021\/02\/tinta-digital-jc-isotex-isonik-scl-hk11.jpg","width":1598,"height":714},{"@type":"WebPage","@id":"http:\/\/jcisotex.com\/pb\/produto\/scl-hk11\/#webpage","url":"http:\/\/jcisotex.com\/pb\/produto\/scl-hk11\/","name":"SCL-HK11 - ISOTEX","isPartOf":{"@id":"http:\/\/jcisotex.com\/pb\/#website"},"primaryImageOfPage":{"@id":"http:\/\/jcisotex.com\/pb\/produto\/scl-hk11\/#primaryimage"},"datePublished":"2021-02-17T14:35:18+00:00","dateModified":"2021-08-24T17:04:17+00:00","breadcrumb":{"@id":"http:\/\/jcisotex.com\/pb\/produto\/scl-hk11\/#breadcrumb"},"inLanguage":"pt-BR","potentialAction":[{"@type":"ReadAction","target":["http:\/\/jcisotex.com\/pb\/produto\/scl-hk11\/"]}]},{"@type":"BreadcrumbList","@id":"http:\/\/jcisotex.com\/pb\/produto\/scl-hk11\/#breadcrumb","itemListElement":[{"@type":"ListItem","position":1,"name":"In\u00edcio","item":"http:\/\/jcisotex.com\/pb\/"},{"@type":"ListItem","position":2,"name":"Loja","item":"http:\/\/jcisotex.com\/pb\/loja\/"},{"@type":"ListItem","position":3,"name":"SCL-HK11"}]}]}},"_links":{"self":[{"href":"http:\/\/jcisotex.com\/pb\/wp-json\/wp\/v2\/product\/726","targetHints":{"allow":["GET"]}}],"collection":[{"href":"http:\/\/jcisotex.com\/pb\/wp-json\/wp\/v2\/product"}],"about":[{"href":"http:\/\/jcisotex.com\/pb\/wp-json\/wp\/v2\/types\/product"}],"wp:featuredmedia":[{"embeddable":true,"href":"http:\/\/jcisotex.com\/pb\/wp-json\/wp\/v2\/media\/374"}],"wp:attachment":[{"href":"http:\/\/jcisotex.com\/pb\/wp-json\/wp\/v2\/media?parent=726"}],"wp:term":[{"taxonomy":"product_cat","embeddable":true,"href":"http:\/\/jcisotex.com\/pb\/wp-json\/wp\/v2\/product_cat?post=726"},{"taxonomy":"product_tag","embeddable":true,"href":"http:\/\/jcisotex.com\/pb\/wp-json\/wp\/v2\/product_tag?post=726"}],"curies":[{"name":"wp","href":"https:\/\/api.w.org\/{rel}","templated":true}]}}