{"id":722,"date":"2021-02-17T11:22:06","date_gmt":"2021-02-17T14:22:06","guid":{"rendered":"http:\/\/isotex.agenciaupper.com.br\/wp\/?post_type=product&#038;p=722"},"modified":"2021-02-25T17:49:56","modified_gmt":"2021-02-25T20:49:56","slug":"st-e22","status":"publish","type":"product","link":"http:\/\/jcisotex.com\/pb\/produto\/st-e22\/","title":{"rendered":"ST-E22"},"content":{"rendered":"<p>A melhor e mais est\u00e1vel tinta digital para processos industriais de alta qualidade. As propriedades reol\u00f3gicas do produto conferem-lhe uma excelente capacidade de jateamento e propriedades de secagem muito boas. Por isso, a tinta digital <strong>ISONIK<\/strong> ST-E22 \u00e9 adequada para produ\u00e7\u00f5es r\u00e1pidas de longo prazo, sem as constantes interrup\u00e7\u00f5es para procedimentos de limpeza.<br \/>\nO melhor desempenho da tinta digital <strong>ISONIK<\/strong> ST-E22 pode ser alcan\u00e7ado com qualquer aplica\u00e7\u00e3o encaminhada e direcionada ao mercado de roupas esportivas, com diferentes tipos de papel de sublima\u00e7\u00e3o &#8211; e sempre que se requer aten\u00e7\u00e3o aos detalhes.<\/p>","protected":false},"excerpt":{"rendered":"<p>A melhor e mais est\u00e1vel tinta digital para processos industriais de alta qualidade. As propriedades reol\u00f3gicas do produto conferem-lhe uma excelente capacidade de jateamento e propriedades de secagem muito boas. Por isso, a tinta digital ISONIK ST-E22 \u00e9 adequada para produ\u00e7\u00f5es r\u00e1pidas de longo prazo, sem as constantes interrup\u00e7\u00f5es para procedimentos de limpeza. O melhor [&hellip;]<\/p>\n","protected":false},"featured_media":376,"template":"","meta":[],"product_cat":[19],"product_tag":[],"class_list":["post-722","product","type-product","status-publish","has-post-thumbnail","hentry","product_cat-tinta-digital"],"yoast_head":"<!-- This site is optimized with the Yoast SEO Premium plugin v16.1 (Yoast SEO v18.2) - https:\/\/yoast.com\/wordpress\/plugins\/seo\/ -->\n<title>ST-E22 - ISOTEX<\/title>\n<meta name=\"robots\" content=\"index, follow, max-snippet:-1, max-image-preview:large, max-video-preview:-1\" \/>\n<link rel=\"canonical\" href=\"https:\/\/jcisotex.com\/es\/produto\/st-e22\/\" \/>\n<meta property=\"og:locale\" content=\"pt_BR\" \/>\n<meta property=\"og:type\" content=\"article\" \/>\n<meta property=\"og:title\" content=\"ST-E22 - ISOTEX\" \/>\n<meta property=\"og:description\" content=\"A melhor e mais est\u00e1vel tinta digital para processos industriais de alta qualidade. As propriedades reol\u00f3gicas do produto conferem-lhe uma excelente capacidade de jateamento e propriedades de secagem muito boas. Por isso, a tinta digital ISONIK ST-E22 \u00e9 adequada para produ\u00e7\u00f5es r\u00e1pidas de longo prazo, sem as constantes interrup\u00e7\u00f5es para procedimentos de limpeza. O melhor [&hellip;]\" \/>\n<meta property=\"og:url\" content=\"https:\/\/jcisotex.com\/es\/produto\/st-e22\/\" \/>\n<meta property=\"og:site_name\" content=\"ISOTEX\" \/>\n<meta property=\"article:modified_time\" content=\"2021-02-25T20:49:56+00:00\" \/>\n<meta property=\"og:image\" content=\"https:\/\/jcisotex.com\/wp-content\/uploads\/2021\/02\/tinta-digital-jc-isotex-isonik-st-e22.jpg\" \/>\n\t<meta property=\"og:image:width\" content=\"1600\" \/>\n\t<meta property=\"og:image:height\" content=\"714\" \/>\n\t<meta property=\"og:image:type\" content=\"image\/jpeg\" \/>\n<meta name=\"twitter:card\" content=\"summary_large_image\" \/>\n<meta name=\"twitter:label1\" content=\"Est. tempo de leitura\" \/>\n\t<meta name=\"twitter:data1\" content=\"1 minuto\" \/>\n<script type=\"application\/ld+json\" class=\"yoast-schema-graph\">{\"@context\":\"https:\/\/schema.org\",\"@graph\":[{\"@type\":\"WebSite\",\"@id\":\"http:\/\/jcisotex.com\/pb\/#website\",\"url\":\"http:\/\/jcisotex.com\/pb\/\",\"name\":\"ISOTEX\",\"description\":\"\",\"potentialAction\":[{\"@type\":\"SearchAction\",\"target\":{\"@type\":\"EntryPoint\",\"urlTemplate\":\"http:\/\/jcisotex.com\/pb\/?s={search_term_string}\"},\"query-input\":\"required name=search_term_string\"}],\"inLanguage\":\"pt-BR\"},{\"@type\":\"ImageObject\",\"@id\":\"https:\/\/jcisotex.com\/es\/produto\/st-e22\/#primaryimage\",\"inLanguage\":\"pt-BR\",\"url\":\"http:\/\/jcisotex.com\/wp-content\/uploads\/2021\/02\/tinta-digital-jc-isotex-isonik-st-e22.jpg\",\"contentUrl\":\"http:\/\/jcisotex.com\/wp-content\/uploads\/2021\/02\/tinta-digital-jc-isotex-isonik-st-e22.jpg\",\"width\":1600,\"height\":714},{\"@type\":\"WebPage\",\"@id\":\"https:\/\/jcisotex.com\/es\/produto\/st-e22\/#webpage\",\"url\":\"https:\/\/jcisotex.com\/es\/produto\/st-e22\/\",\"name\":\"ST-E22 - ISOTEX\",\"isPartOf\":{\"@id\":\"http:\/\/jcisotex.com\/pb\/#website\"},\"primaryImageOfPage\":{\"@id\":\"https:\/\/jcisotex.com\/es\/produto\/st-e22\/#primaryimage\"},\"datePublished\":\"2021-02-17T14:22:06+00:00\",\"dateModified\":\"2021-02-25T20:49:56+00:00\",\"breadcrumb\":{\"@id\":\"https:\/\/jcisotex.com\/es\/produto\/st-e22\/#breadcrumb\"},\"inLanguage\":\"pt-BR\",\"potentialAction\":[{\"@type\":\"ReadAction\",\"target\":[\"https:\/\/jcisotex.com\/es\/produto\/st-e22\/\"]}]},{\"@type\":\"BreadcrumbList\",\"@id\":\"https:\/\/jcisotex.com\/es\/produto\/st-e22\/#breadcrumb\",\"itemListElement\":[{\"@type\":\"ListItem\",\"position\":1,\"name\":\"In\u00edcio\",\"item\":\"http:\/\/jcisotex.com\/pb\/\"},{\"@type\":\"ListItem\",\"position\":2,\"name\":\"Loja\",\"item\":\"http:\/\/jcisotex.com\/es\/loja\/\"},{\"@type\":\"ListItem\",\"position\":3,\"name\":\"ST-E22\"}]}]}<\/script>\n<!-- \/ Yoast SEO Premium plugin. -->","yoast_head_json":{"title":"ST-E22 - ISOTEX","robots":{"index":"index","follow":"follow","max-snippet":"max-snippet:-1","max-image-preview":"max-image-preview:large","max-video-preview":"max-video-preview:-1"},"canonical":"https:\/\/jcisotex.com\/es\/produto\/st-e22\/","og_locale":"pt_BR","og_type":"article","og_title":"ST-E22 - ISOTEX","og_description":"A melhor e mais est\u00e1vel tinta digital para processos industriais de alta qualidade. As propriedades reol\u00f3gicas do produto conferem-lhe uma excelente capacidade de jateamento e propriedades de secagem muito boas. Por isso, a tinta digital ISONIK ST-E22 \u00e9 adequada para produ\u00e7\u00f5es r\u00e1pidas de longo prazo, sem as constantes interrup\u00e7\u00f5es para procedimentos de limpeza. O melhor [&hellip;]","og_url":"https:\/\/jcisotex.com\/es\/produto\/st-e22\/","og_site_name":"ISOTEX","article_modified_time":"2021-02-25T20:49:56+00:00","og_image":[{"width":1600,"height":714,"url":"https:\/\/jcisotex.com\/wp-content\/uploads\/2021\/02\/tinta-digital-jc-isotex-isonik-st-e22.jpg","type":"image\/jpeg"}],"twitter_card":"summary_large_image","twitter_misc":{"Est. tempo de leitura":"1 minuto"},"schema":{"@context":"https:\/\/schema.org","@graph":[{"@type":"WebSite","@id":"http:\/\/jcisotex.com\/pb\/#website","url":"http:\/\/jcisotex.com\/pb\/","name":"ISOTEX","description":"","potentialAction":[{"@type":"SearchAction","target":{"@type":"EntryPoint","urlTemplate":"http:\/\/jcisotex.com\/pb\/?s={search_term_string}"},"query-input":"required name=search_term_string"}],"inLanguage":"pt-BR"},{"@type":"ImageObject","@id":"https:\/\/jcisotex.com\/es\/produto\/st-e22\/#primaryimage","inLanguage":"pt-BR","url":"http:\/\/jcisotex.com\/wp-content\/uploads\/2021\/02\/tinta-digital-jc-isotex-isonik-st-e22.jpg","contentUrl":"http:\/\/jcisotex.com\/wp-content\/uploads\/2021\/02\/tinta-digital-jc-isotex-isonik-st-e22.jpg","width":1600,"height":714},{"@type":"WebPage","@id":"https:\/\/jcisotex.com\/es\/produto\/st-e22\/#webpage","url":"https:\/\/jcisotex.com\/es\/produto\/st-e22\/","name":"ST-E22 - ISOTEX","isPartOf":{"@id":"http:\/\/jcisotex.com\/pb\/#website"},"primaryImageOfPage":{"@id":"https:\/\/jcisotex.com\/es\/produto\/st-e22\/#primaryimage"},"datePublished":"2021-02-17T14:22:06+00:00","dateModified":"2021-02-25T20:49:56+00:00","breadcrumb":{"@id":"https:\/\/jcisotex.com\/es\/produto\/st-e22\/#breadcrumb"},"inLanguage":"pt-BR","potentialAction":[{"@type":"ReadAction","target":["https:\/\/jcisotex.com\/es\/produto\/st-e22\/"]}]},{"@type":"BreadcrumbList","@id":"https:\/\/jcisotex.com\/es\/produto\/st-e22\/#breadcrumb","itemListElement":[{"@type":"ListItem","position":1,"name":"In\u00edcio","item":"http:\/\/jcisotex.com\/pb\/"},{"@type":"ListItem","position":2,"name":"Loja","item":"http:\/\/jcisotex.com\/es\/loja\/"},{"@type":"ListItem","position":3,"name":"ST-E22"}]}]}},"_links":{"self":[{"href":"http:\/\/jcisotex.com\/pb\/wp-json\/wp\/v2\/product\/722","targetHints":{"allow":["GET"]}}],"collection":[{"href":"http:\/\/jcisotex.com\/pb\/wp-json\/wp\/v2\/product"}],"about":[{"href":"http:\/\/jcisotex.com\/pb\/wp-json\/wp\/v2\/types\/product"}],"wp:featuredmedia":[{"embeddable":true,"href":"http:\/\/jcisotex.com\/pb\/wp-json\/wp\/v2\/media\/376"}],"wp:attachment":[{"href":"http:\/\/jcisotex.com\/pb\/wp-json\/wp\/v2\/media?parent=722"}],"wp:term":[{"taxonomy":"product_cat","embeddable":true,"href":"http:\/\/jcisotex.com\/pb\/wp-json\/wp\/v2\/product_cat?post=722"},{"taxonomy":"product_tag","embeddable":true,"href":"http:\/\/jcisotex.com\/pb\/wp-json\/wp\/v2\/product_tag?post=722"}],"curies":[{"name":"wp","href":"https:\/\/api.w.org\/{rel}","templated":true}]}}