{"id":700,"date":"2021-02-17T09:58:54","date_gmt":"2021-02-17T12:58:54","guid":{"rendered":"http:\/\/isotex.agenciaupper.com.br\/wp\/?post_type=product&#038;p=700"},"modified":"2021-02-25T17:49:18","modified_gmt":"2021-02-25T20:49:18","slug":"st-e11","status":"publish","type":"product","link":"http:\/\/jcisotex.com\/pb\/produto\/st-e11\/","title":{"rendered":"ST-E11"},"content":{"rendered":"<p>Qualidade superior com o melhor custo-benef\u00edcio. A tinta digital \u00e9 adequada para todas as impressoras equipadas com tecnologia EPSON. O teste de longa dura\u00e7\u00e3o realizado em diferentes impressoras, como Roland, Mimaki, Mutoh e EPSON, mostrou excelentes propriedades de flu\u00eancia com todas as cabe\u00e7as de impress\u00e3o.<\/p>","protected":false},"excerpt":{"rendered":"<p>Qualidade superior com o melhor custo-benef\u00edcio. A tinta digital \u00e9 adequada para todas as impressoras equipadas com tecnologia EPSON. O teste de longa dura\u00e7\u00e3o realizado em diferentes impressoras, como Roland, Mimaki, Mutoh e EPSON, mostrou excelentes propriedades de flu\u00eancia com todas as cabe\u00e7as de impress\u00e3o.<\/p>\n","protected":false},"featured_media":375,"template":"","meta":[],"product_cat":[19],"product_tag":[],"class_list":["post-700","product","type-product","status-publish","has-post-thumbnail","hentry","product_cat-tinta-digital"],"yoast_head":"<!-- This site is optimized with the Yoast SEO Premium plugin v16.1 (Yoast SEO v18.2) - https:\/\/yoast.com\/wordpress\/plugins\/seo\/ -->\n<title>ST-E11 - ISOTEX<\/title>\n<meta name=\"robots\" content=\"index, follow, max-snippet:-1, max-image-preview:large, max-video-preview:-1\" \/>\n<link rel=\"canonical\" href=\"http:\/\/jcisotex.com\/es\/produto\/st-e11\/\" \/>\n<meta property=\"og:locale\" content=\"pt_BR\" \/>\n<meta property=\"og:type\" content=\"article\" \/>\n<meta property=\"og:title\" content=\"ST-E11 - ISOTEX\" \/>\n<meta property=\"og:description\" content=\"Qualidade superior com o melhor custo-benef\u00edcio. A tinta digital \u00e9 adequada para todas as impressoras equipadas com tecnologia EPSON. O teste de longa dura\u00e7\u00e3o realizado em diferentes impressoras, como Roland, Mimaki, Mutoh e EPSON, mostrou excelentes propriedades de flu\u00eancia com todas as cabe\u00e7as de impress\u00e3o.\" \/>\n<meta property=\"og:url\" content=\"http:\/\/jcisotex.com\/es\/produto\/st-e11\/\" \/>\n<meta property=\"og:site_name\" content=\"ISOTEX\" \/>\n<meta property=\"article:modified_time\" content=\"2021-02-25T20:49:18+00:00\" \/>\n<meta property=\"og:image\" content=\"http:\/\/jcisotex.com\/wp-content\/uploads\/2021\/02\/tinta-digital-jc-isotex-isonik-st-e11.jpg\" \/>\n\t<meta property=\"og:image:width\" content=\"1600\" \/>\n\t<meta property=\"og:image:height\" content=\"714\" \/>\n\t<meta property=\"og:image:type\" content=\"image\/jpeg\" \/>\n<meta name=\"twitter:card\" content=\"summary_large_image\" \/>\n<script type=\"application\/ld+json\" class=\"yoast-schema-graph\">{\"@context\":\"https:\/\/schema.org\",\"@graph\":[{\"@type\":\"WebSite\",\"@id\":\"http:\/\/jcisotex.com\/pb\/#website\",\"url\":\"http:\/\/jcisotex.com\/pb\/\",\"name\":\"ISOTEX\",\"description\":\"\",\"potentialAction\":[{\"@type\":\"SearchAction\",\"target\":{\"@type\":\"EntryPoint\",\"urlTemplate\":\"http:\/\/jcisotex.com\/pb\/?s={search_term_string}\"},\"query-input\":\"required name=search_term_string\"}],\"inLanguage\":\"pt-BR\"},{\"@type\":\"ImageObject\",\"@id\":\"http:\/\/jcisotex.com\/es\/produto\/st-e11\/#primaryimage\",\"inLanguage\":\"pt-BR\",\"url\":\"http:\/\/jcisotex.com\/wp-content\/uploads\/2021\/02\/tinta-digital-jc-isotex-isonik-st-e11.jpg\",\"contentUrl\":\"http:\/\/jcisotex.com\/wp-content\/uploads\/2021\/02\/tinta-digital-jc-isotex-isonik-st-e11.jpg\",\"width\":1600,\"height\":714},{\"@type\":\"WebPage\",\"@id\":\"http:\/\/jcisotex.com\/es\/produto\/st-e11\/#webpage\",\"url\":\"http:\/\/jcisotex.com\/es\/produto\/st-e11\/\",\"name\":\"ST-E11 - ISOTEX\",\"isPartOf\":{\"@id\":\"http:\/\/jcisotex.com\/pb\/#website\"},\"primaryImageOfPage\":{\"@id\":\"http:\/\/jcisotex.com\/es\/produto\/st-e11\/#primaryimage\"},\"datePublished\":\"2021-02-17T12:58:54+00:00\",\"dateModified\":\"2021-02-25T20:49:18+00:00\",\"breadcrumb\":{\"@id\":\"http:\/\/jcisotex.com\/es\/produto\/st-e11\/#breadcrumb\"},\"inLanguage\":\"pt-BR\",\"potentialAction\":[{\"@type\":\"ReadAction\",\"target\":[\"http:\/\/jcisotex.com\/es\/produto\/st-e11\/\"]}]},{\"@type\":\"BreadcrumbList\",\"@id\":\"http:\/\/jcisotex.com\/es\/produto\/st-e11\/#breadcrumb\",\"itemListElement\":[{\"@type\":\"ListItem\",\"position\":1,\"name\":\"In\u00edcio\",\"item\":\"http:\/\/jcisotex.com\/pb\/\"},{\"@type\":\"ListItem\",\"position\":2,\"name\":\"Loja\",\"item\":\"http:\/\/jcisotex.com\/es\/loja\/\"},{\"@type\":\"ListItem\",\"position\":3,\"name\":\"ST-E11\"}]}]}<\/script>\n<!-- \/ Yoast SEO Premium plugin. -->","yoast_head_json":{"title":"ST-E11 - ISOTEX","robots":{"index":"index","follow":"follow","max-snippet":"max-snippet:-1","max-image-preview":"max-image-preview:large","max-video-preview":"max-video-preview:-1"},"canonical":"http:\/\/jcisotex.com\/es\/produto\/st-e11\/","og_locale":"pt_BR","og_type":"article","og_title":"ST-E11 - ISOTEX","og_description":"Qualidade superior com o melhor custo-benef\u00edcio. A tinta digital \u00e9 adequada para todas as impressoras equipadas com tecnologia EPSON. O teste de longa dura\u00e7\u00e3o realizado em diferentes impressoras, como Roland, Mimaki, Mutoh e EPSON, mostrou excelentes propriedades de flu\u00eancia com todas as cabe\u00e7as de impress\u00e3o.","og_url":"http:\/\/jcisotex.com\/es\/produto\/st-e11\/","og_site_name":"ISOTEX","article_modified_time":"2021-02-25T20:49:18+00:00","og_image":[{"width":1600,"height":714,"url":"http:\/\/jcisotex.com\/wp-content\/uploads\/2021\/02\/tinta-digital-jc-isotex-isonik-st-e11.jpg","type":"image\/jpeg"}],"twitter_card":"summary_large_image","schema":{"@context":"https:\/\/schema.org","@graph":[{"@type":"WebSite","@id":"http:\/\/jcisotex.com\/pb\/#website","url":"http:\/\/jcisotex.com\/pb\/","name":"ISOTEX","description":"","potentialAction":[{"@type":"SearchAction","target":{"@type":"EntryPoint","urlTemplate":"http:\/\/jcisotex.com\/pb\/?s={search_term_string}"},"query-input":"required name=search_term_string"}],"inLanguage":"pt-BR"},{"@type":"ImageObject","@id":"http:\/\/jcisotex.com\/es\/produto\/st-e11\/#primaryimage","inLanguage":"pt-BR","url":"http:\/\/jcisotex.com\/wp-content\/uploads\/2021\/02\/tinta-digital-jc-isotex-isonik-st-e11.jpg","contentUrl":"http:\/\/jcisotex.com\/wp-content\/uploads\/2021\/02\/tinta-digital-jc-isotex-isonik-st-e11.jpg","width":1600,"height":714},{"@type":"WebPage","@id":"http:\/\/jcisotex.com\/es\/produto\/st-e11\/#webpage","url":"http:\/\/jcisotex.com\/es\/produto\/st-e11\/","name":"ST-E11 - ISOTEX","isPartOf":{"@id":"http:\/\/jcisotex.com\/pb\/#website"},"primaryImageOfPage":{"@id":"http:\/\/jcisotex.com\/es\/produto\/st-e11\/#primaryimage"},"datePublished":"2021-02-17T12:58:54+00:00","dateModified":"2021-02-25T20:49:18+00:00","breadcrumb":{"@id":"http:\/\/jcisotex.com\/es\/produto\/st-e11\/#breadcrumb"},"inLanguage":"pt-BR","potentialAction":[{"@type":"ReadAction","target":["http:\/\/jcisotex.com\/es\/produto\/st-e11\/"]}]},{"@type":"BreadcrumbList","@id":"http:\/\/jcisotex.com\/es\/produto\/st-e11\/#breadcrumb","itemListElement":[{"@type":"ListItem","position":1,"name":"In\u00edcio","item":"http:\/\/jcisotex.com\/pb\/"},{"@type":"ListItem","position":2,"name":"Loja","item":"http:\/\/jcisotex.com\/es\/loja\/"},{"@type":"ListItem","position":3,"name":"ST-E11"}]}]}},"_links":{"self":[{"href":"http:\/\/jcisotex.com\/pb\/wp-json\/wp\/v2\/product\/700","targetHints":{"allow":["GET"]}}],"collection":[{"href":"http:\/\/jcisotex.com\/pb\/wp-json\/wp\/v2\/product"}],"about":[{"href":"http:\/\/jcisotex.com\/pb\/wp-json\/wp\/v2\/types\/product"}],"wp:featuredmedia":[{"embeddable":true,"href":"http:\/\/jcisotex.com\/pb\/wp-json\/wp\/v2\/media\/375"}],"wp:attachment":[{"href":"http:\/\/jcisotex.com\/pb\/wp-json\/wp\/v2\/media?parent=700"}],"wp:term":[{"taxonomy":"product_cat","embeddable":true,"href":"http:\/\/jcisotex.com\/pb\/wp-json\/wp\/v2\/product_cat?post=700"},{"taxonomy":"product_tag","embeddable":true,"href":"http:\/\/jcisotex.com\/pb\/wp-json\/wp\/v2\/product_tag?post=700"}],"curies":[{"name":"wp","href":"https:\/\/api.w.org\/{rel}","templated":true}]}}