{"id":1360,"date":"2021-03-25T17:37:47","date_gmt":"2021-03-25T20:37:47","guid":{"rendered":"http:\/\/jcisotex.com?page_id=1360"},"modified":"2021-06-14T14:51:39","modified_gmt":"2021-06-14T17:51:39","slug":"politica-de-privacidade-e-seguranca","status":"publish","type":"page","link":"http:\/\/jcisotex.com\/pb\/politica-de-privacidade-e-seguranca\/","title":{"rendered":"Pol\u00edtica de Privacidade e Seguran\u00e7a"},"content":{"rendered":"<p>&nbsp;<\/p>\n<h2><strong>Pol\u00edtica de Privacidade<\/strong><\/h2>\n<p>&nbsp;<\/p>\n<p>Esta Pol\u00edtica de Privacidade estabelece os termos em que a JC ISOTEX usa e protege as informa\u00e7\u00f5es que s\u00e3o fornecidas por seus usu\u00e1rios ao utilizar seu site. Esta empresa est\u00e1 comprometida com a seguran\u00e7a dos dados de seus usu\u00e1rios. Quando solicitamos que voc\u00ea preencha os campos de informa\u00e7\u00f5es pessoais com os quais voc\u00ea pode se identificar, fazemos isso garantindo que somente ser\u00e3o utilizadas de acordo com os termos deste documento. No entanto, esta Pol\u00edtica de Privacidade pode mudar com o tempo ou ser atualizada, por isso recomendamos e enfatizamos que voc\u00ea analise continuamente esta p\u00e1gina para garantir que concorda com tais mudan\u00e7as.<\/p>\n<p><strong>Informa\u00e7\u00f5es que s\u00e3o coletadas<\/strong><\/p>\n<p>Nosso site pode coletar informa\u00e7\u00f5es pessoais como: Nome, informa\u00e7\u00f5es de contato como seu endere\u00e7o de e-mail e informa\u00e7\u00f5es demogr\u00e1ficas. Da mesma forma, quando necess\u00e1rio, informa\u00e7\u00f5es espec\u00edficas podem ser exigidas para processar um pedido ou fazer uma entrega ou faturamento.<\/p>\n<p>Todos os dados coletados s\u00e3o protegidos pela JC ISOTEX, n\u00e3o ser\u00e3o compartilhados com terceiros, somente ser\u00e3o de uso exclusivo da empresa JC ISOTEX.<\/p>\n<p><strong>Uso das informa\u00e7\u00f5es coletadas<\/strong><\/p>\n<p>Nosso site usa as informa\u00e7\u00f5es para fornecer o melhor servi\u00e7o poss\u00edvel, especialmente para manter um registro de usu\u00e1rios, pedidos, se aplic\u00e1vel, e melhorar nossos produtos e servi\u00e7os. \u00c9 poss\u00edvel que seja enviados e-mails peri\u00f3dicamente atrav\u00e9s de nosso site com ofertas especiais, novos produtos e outras informa\u00e7\u00f5es de publicidade que consideramos relevantes para voc\u00ea ou que possam lhe trazer algum benef\u00edcio, esses e-mails ser\u00e3o enviados para o endere\u00e7o que voc\u00ea forneceu e podem ser cancelados a qualquer momento.<\/p>\n<p>A JC ISOTEX est\u00e1 altamente comprometida em cumprir o compromisso de manter suas informa\u00e7\u00f5es seguras. Utilizamos os sistemas mais avan\u00e7ados e os atualizamos constantemente para garantir que n\u00e3o haja acessos n\u00e3o autorizados.<\/p>\n<p><strong>Cookies<\/strong><\/p>\n<p>Um cookie refere-se a um arquivo que \u00e9 enviado com o objetivo de solicitar permiss\u00e3o para ser armazenado em seu computador, ao aceitar o referido arquivo ele \u00e9 criado e o cookie serve ent\u00e3o para ter informa\u00e7\u00f5es sobre o tr\u00e1fego da web, al\u00e9m de facilitar futuras visitas a uma web recorrente. Outra fun\u00e7\u00e3o dos cookies \u00e9 que com eles o site pode reconhec\u00ea-lo individualmente e, portanto, fornecer-lhe o melhor servi\u00e7o personalizado no seu site.<\/p>\n<p>Nosso site usa cookies para poder identificar as p\u00e1ginas que s\u00e3o visitadas e sua freq\u00fc\u00eancia. Essas informa\u00e7\u00f5es s\u00e3o usadas apenas para an\u00e1lise estat\u00edstica e, em seguida, as informa\u00e7\u00f5es s\u00e3o exclu\u00eddas permanentemente. Voc\u00ea pode excluir cookies a qualquer momento do seu computador. No entanto, os cookies ajudam a fornecer um melhor servi\u00e7o em sites, voc\u00ea n\u00e3o d\u00e1 acesso \u00e0s informa\u00e7\u00f5es do seu computador ou de voc\u00ea, a menos que voc\u00ea queira e forne\u00e7a-as diretamente. Voc\u00ea pode aceitar ou negar o uso de cookies, no entanto, a maioria dos navegadores aceita cookies automaticamente, pois serve para ter um melhor servi\u00e7o da web. Voc\u00ea tamb\u00e9m pode alterar as configura\u00e7\u00f5es do seu computador para recusar cookies. Se eles forem recusados, voc\u00ea n\u00e3o conseguir\u00e1 usar alguns de nossos servi\u00e7os.<\/p>\n<p><strong>Links para terceiros<\/strong><\/p>\n<p>Este site pode conter links para outros sites que podem ser do seu interesse. Depois de clicar nesses links e sair de nossa p\u00e1gina, n\u00e3o temos mais controle sobre o site para o qual voc\u00ea \u00e9 redirecionado e, portanto, n\u00e3o somos respons\u00e1veis \u200b\u200bpelos termos de privacidade ou pela prote\u00e7\u00e3o de seus dados nesses outros sites de terceiros. Esses sites est\u00e3o sujeitos \u00e0s suas pr\u00f3prias pol\u00edticas de privacidade, portanto, \u00e9 recomend\u00e1vel consult\u00e1-los para confirmar que concorda com eles.<\/p>\n<p><strong>Controle de suas informa\u00e7\u00f5es pessoais<\/strong><\/p>\n<p>A qualquer momento, voc\u00ea pode restringir a coleta ou uso de informa\u00e7\u00f5es pessoais fornecidas em nosso site. Sempre que for solicitado o preenchimento de um formul\u00e1rio, como registro de usu\u00e1rio, voc\u00ea pode marcar ou desmarcar a op\u00e7\u00e3o de receber informa\u00e7\u00f5es por e-mail. Caso tenha assinalado a op\u00e7\u00e3o de receber a nossa newsletter ou publicidade, pode cancel\u00e1-la a qualquer momento.<\/p>\n<p>Esta empresa n\u00e3o vender\u00e1, transferir\u00e1 ou distribuir\u00e1 as informa\u00e7\u00f5es pessoais coletadas sem o seu consentimento, a menos que exigido por um juiz com ordem judicial.<\/p>\n<p>A JC ISOTEX reserva-se o direito de alterar os termos desta Pol\u00edtica de Privacidade a qualquer momento.<\/p>","protected":false},"excerpt":{"rendered":"<p>&nbsp; Pol\u00edtica de Privacidade &nbsp; Esta Pol\u00edtica de Privacidade estabelece os termos em que a JC ISOTEX usa e protege as informa\u00e7\u00f5es que s\u00e3o fornecidas por seus usu\u00e1rios ao utilizar seu site. Esta empresa est\u00e1 comprometida com a seguran\u00e7a dos dados de seus usu\u00e1rios. Quando solicitamos que voc\u00ea preencha os campos de informa\u00e7\u00f5es pessoais com [&hellip;]<\/p>\n","protected":false},"author":1,"featured_media":0,"parent":0,"menu_order":0,"comment_status":"closed","ping_status":"closed","template":"","meta":{"footnotes":""},"class_list":["post-1360","page","type-page","status-publish","hentry"],"yoast_head":"<!-- This site is optimized with the Yoast SEO Premium plugin v16.1 (Yoast SEO v18.2) - https:\/\/yoast.com\/wordpress\/plugins\/seo\/ -->\n<title>Pol\u00edtica de Privacidade e Seguran\u00e7a - ISOTEX<\/title>\n<meta name=\"robots\" content=\"index, follow, max-snippet:-1, max-image-preview:large, max-video-preview:-1\" \/>\n<link rel=\"canonical\" href=\"https:\/\/jcisotex.com\/pb\/politica-de-privacidade-e-seguranca\/\" \/>\n<meta property=\"og:locale\" content=\"pt_BR\" \/>\n<meta property=\"og:type\" content=\"article\" \/>\n<meta property=\"og:title\" content=\"[:pb]Pol\u00edtica de Privacidade e Seguran\u00e7a[:es]Pol\u00edtica de Privacidad[:] - ISOTEX\" \/>\n<meta property=\"og:description\" content=\"&nbsp; Pol\u00edtica de Privacidade &nbsp; Esta Pol\u00edtica de Privacidade estabelece os termos em que a JC ISOTEX usa e protege as informa\u00e7\u00f5es que s\u00e3o fornecidas por seus usu\u00e1rios ao utilizar seu site. Esta empresa est\u00e1 comprometida com a seguran\u00e7a dos dados de seus usu\u00e1rios. Quando solicitamos que voc\u00ea preencha os campos de informa\u00e7\u00f5es pessoais com [&hellip;]\" \/>\n<meta property=\"og:url\" content=\"https:\/\/jcisotex.com\/pb\/politica-de-privacidade-e-seguranca\/\" \/>\n<meta property=\"og:site_name\" content=\"ISOTEX\" \/>\n<meta property=\"article:modified_time\" content=\"2021-06-14T17:51:39+00:00\" \/>\n<meta name=\"twitter:card\" content=\"summary_large_image\" \/>\n<meta name=\"twitter:label1\" content=\"Est. tempo de leitura\" \/>\n\t<meta name=\"twitter:data1\" content=\"7 minutos\" \/>\n<script type=\"application\/ld+json\" class=\"yoast-schema-graph\">{\"@context\":\"https:\/\/schema.org\",\"@graph\":[{\"@type\":\"WebSite\",\"@id\":\"http:\/\/jcisotex.com\/pb\/#website\",\"url\":\"http:\/\/jcisotex.com\/pb\/\",\"name\":\"ISOTEX\",\"description\":\"\",\"potentialAction\":[{\"@type\":\"SearchAction\",\"target\":{\"@type\":\"EntryPoint\",\"urlTemplate\":\"http:\/\/jcisotex.com\/pb\/?s={search_term_string}\"},\"query-input\":\"required name=search_term_string\"}],\"inLanguage\":\"pt-BR\"},{\"@type\":\"WebPage\",\"@id\":\"https:\/\/jcisotex.com\/pb\/politica-de-privacidade-e-seguranca\/#webpage\",\"url\":\"https:\/\/jcisotex.com\/pb\/politica-de-privacidade-e-seguranca\/\",\"name\":\"[:pb]Pol\u00edtica de Privacidade e Seguran\u00e7a[:es]Pol\u00edtica de Privacidad[:] - ISOTEX\",\"isPartOf\":{\"@id\":\"http:\/\/jcisotex.com\/pb\/#website\"},\"datePublished\":\"2021-03-25T20:37:47+00:00\",\"dateModified\":\"2021-06-14T17:51:39+00:00\",\"breadcrumb\":{\"@id\":\"https:\/\/jcisotex.com\/pb\/politica-de-privacidade-e-seguranca\/#breadcrumb\"},\"inLanguage\":\"pt-BR\",\"potentialAction\":[{\"@type\":\"ReadAction\",\"target\":[\"https:\/\/jcisotex.com\/pb\/politica-de-privacidade-e-seguranca\/\"]}]},{\"@type\":\"BreadcrumbList\",\"@id\":\"https:\/\/jcisotex.com\/pb\/politica-de-privacidade-e-seguranca\/#breadcrumb\",\"itemListElement\":[{\"@type\":\"ListItem\",\"position\":1,\"name\":\"In\u00edcio\",\"item\":\"http:\/\/jcisotex.com\/pb\/\"},{\"@type\":\"ListItem\",\"position\":2,\"name\":\"Pol\u00edtica de Privacidade e Seguran\u00e7a\"}]}]}<\/script>\n<!-- \/ Yoast SEO Premium plugin. -->","yoast_head_json":{"title":"[:pb]Pol\u00edtica de Privacidade e Seguran\u00e7a[:es]Pol\u00edtica de Privacidad[:] - ISOTEX","robots":{"index":"index","follow":"follow","max-snippet":"max-snippet:-1","max-image-preview":"max-image-preview:large","max-video-preview":"max-video-preview:-1"},"canonical":"https:\/\/jcisotex.com\/pb\/politica-de-privacidade-e-seguranca\/","og_locale":"pt_BR","og_type":"article","og_title":"[:pb]Pol\u00edtica de Privacidade e Seguran\u00e7a[:es]Pol\u00edtica de Privacidad[:] - ISOTEX","og_description":"&nbsp; Pol\u00edtica de Privacidade &nbsp; Esta Pol\u00edtica de Privacidade estabelece os termos em que a JC ISOTEX usa e protege as informa\u00e7\u00f5es que s\u00e3o fornecidas por seus usu\u00e1rios ao utilizar seu site. Esta empresa est\u00e1 comprometida com a seguran\u00e7a dos dados de seus usu\u00e1rios. Quando solicitamos que voc\u00ea preencha os campos de informa\u00e7\u00f5es pessoais com [&hellip;]","og_url":"https:\/\/jcisotex.com\/pb\/politica-de-privacidade-e-seguranca\/","og_site_name":"ISOTEX","article_modified_time":"2021-06-14T17:51:39+00:00","twitter_card":"summary_large_image","twitter_misc":{"Est. tempo de leitura":"7 minutos"},"schema":{"@context":"https:\/\/schema.org","@graph":[{"@type":"WebSite","@id":"http:\/\/jcisotex.com\/pb\/#website","url":"http:\/\/jcisotex.com\/pb\/","name":"ISOTEX","description":"","potentialAction":[{"@type":"SearchAction","target":{"@type":"EntryPoint","urlTemplate":"http:\/\/jcisotex.com\/pb\/?s={search_term_string}"},"query-input":"required name=search_term_string"}],"inLanguage":"pt-BR"},{"@type":"WebPage","@id":"https:\/\/jcisotex.com\/pb\/politica-de-privacidade-e-seguranca\/#webpage","url":"https:\/\/jcisotex.com\/pb\/politica-de-privacidade-e-seguranca\/","name":"[:pb]Pol\u00edtica de Privacidade e Seguran\u00e7a[:es]Pol\u00edtica de Privacidad[:] - ISOTEX","isPartOf":{"@id":"http:\/\/jcisotex.com\/pb\/#website"},"datePublished":"2021-03-25T20:37:47+00:00","dateModified":"2021-06-14T17:51:39+00:00","breadcrumb":{"@id":"https:\/\/jcisotex.com\/pb\/politica-de-privacidade-e-seguranca\/#breadcrumb"},"inLanguage":"pt-BR","potentialAction":[{"@type":"ReadAction","target":["https:\/\/jcisotex.com\/pb\/politica-de-privacidade-e-seguranca\/"]}]},{"@type":"BreadcrumbList","@id":"https:\/\/jcisotex.com\/pb\/politica-de-privacidade-e-seguranca\/#breadcrumb","itemListElement":[{"@type":"ListItem","position":1,"name":"In\u00edcio","item":"http:\/\/jcisotex.com\/pb\/"},{"@type":"ListItem","position":2,"name":"Pol\u00edtica de Privacidade e Seguran\u00e7a"}]}]}},"_links":{"self":[{"href":"http:\/\/jcisotex.com\/pb\/wp-json\/wp\/v2\/pages\/1360","targetHints":{"allow":["GET"]}}],"collection":[{"href":"http:\/\/jcisotex.com\/pb\/wp-json\/wp\/v2\/pages"}],"about":[{"href":"http:\/\/jcisotex.com\/pb\/wp-json\/wp\/v2\/types\/page"}],"author":[{"embeddable":true,"href":"http:\/\/jcisotex.com\/pb\/wp-json\/wp\/v2\/users\/1"}],"replies":[{"embeddable":true,"href":"http:\/\/jcisotex.com\/pb\/wp-json\/wp\/v2\/comments?post=1360"}],"version-history":[{"count":17,"href":"http:\/\/jcisotex.com\/pb\/wp-json\/wp\/v2\/pages\/1360\/revisions"}],"predecessor-version":[{"id":1504,"href":"http:\/\/jcisotex.com\/pb\/wp-json\/wp\/v2\/pages\/1360\/revisions\/1504"}],"wp:attachment":[{"href":"http:\/\/jcisotex.com\/pb\/wp-json\/wp\/v2\/media?parent=1360"}],"curies":[{"name":"wp","href":"https:\/\/api.w.org\/{rel}","templated":true}]}}