{"id":725,"date":"2021-02-17T11:33:56","date_gmt":"2021-02-17T14:33:56","guid":{"rendered":"http:\/\/isotex.agenciaupper.com.br\/wp\/?post_type=product&#038;p=725"},"modified":"2021-02-25T17:48:19","modified_gmt":"2021-02-25T20:48:19","slug":"st-k22","status":"publish","type":"product","link":"http:\/\/jcisotex.com\/es\/produto\/st-k22\/","title":{"rendered":"ST-K22"},"content":{"rendered":"<p>La tinta digital ISONIK ST-K22 tiene colores brillantes y vibrantes que garantizan una gama de colores amplia y profunda. La innovadora tecnolog\u00eda del ISONIK ST-K22 ha sido dise\u00f1ada espec\u00edficamente para proporcionar tasas de secado muy altas y lograr una intensidad de color excepcional en papeles revestidos y no revestidos. El producto es adecuado para todas las impresoras equipadas con Kyocera. Las pruebas a largo plazo realizadas en diferentes impresoras, como MS Printing Solutions y EFI-Reggiani, mostraron un excelente rendimiento, lo que demuestra que ISONIK ST-K22 es la opci\u00f3n correcta para instalaciones de impresi\u00f3n industrial basadas en equipamientos de alta velocidad.<\/p>\n","protected":false},"excerpt":{"rendered":"<p>La tinta digital ISONIK ST-K22 tiene colores brillantes y vibrantes que garantizan una gama de colores amplia y profunda. La innovadora tecnolog\u00eda del ISONIK ST-K22 ha sido dise\u00f1ada espec\u00edficamente para proporcionar tasas de secado muy altas y lograr una intensidad de color excepcional en papeles revestidos y no revestidos. El producto es adecuado para todas [&hellip;]<\/p>\n","protected":false},"featured_media":371,"template":"","meta":[],"product_cat":[19],"product_tag":[],"class_list":["post-725","product","type-product","status-publish","has-post-thumbnail","hentry","product_cat-tinta-digital"],"yoast_head":"<!-- This site is optimized with the Yoast SEO Premium plugin v16.1 (Yoast SEO v18.2) - https:\/\/yoast.com\/wordpress\/plugins\/seo\/ -->\n<title>ST-K22 - ISOTEX<\/title>\n<meta name=\"robots\" content=\"index, follow, max-snippet:-1, max-image-preview:large, max-video-preview:-1\" \/>\n<link rel=\"canonical\" href=\"http:\/\/jcisotex.com\/es\/produto\/st-k22\/\" \/>\n<meta property=\"og:locale\" content=\"es_ES\" \/>\n<meta property=\"og:type\" content=\"article\" \/>\n<meta property=\"og:title\" content=\"ST-K22 - ISOTEX\" \/>\n<meta property=\"og:description\" content=\"La tinta digital ISONIK ST-K22 tiene colores brillantes y vibrantes que garantizan una gama de colores amplia y profunda. La innovadora tecnolog\u00eda del ISONIK ST-K22 ha sido dise\u00f1ada espec\u00edficamente para proporcionar tasas de secado muy altas y lograr una intensidad de color excepcional en papeles revestidos y no revestidos. El producto es adecuado para todas [&hellip;]\" \/>\n<meta property=\"og:url\" content=\"http:\/\/jcisotex.com\/es\/produto\/st-k22\/\" \/>\n<meta property=\"og:site_name\" content=\"ISOTEX\" \/>\n<meta property=\"article:modified_time\" content=\"2021-02-25T20:48:19+00:00\" \/>\n<meta property=\"og:image\" content=\"http:\/\/jcisotex.com\/wp-content\/uploads\/2021\/02\/tinta-digital-jc-isotex-isonik-st-k22.jpg\" \/>\n\t<meta property=\"og:image:width\" content=\"1600\" \/>\n\t<meta property=\"og:image:height\" content=\"715\" \/>\n\t<meta property=\"og:image:type\" content=\"image\/jpeg\" \/>\n<meta name=\"twitter:card\" content=\"summary_large_image\" \/>\n<meta name=\"twitter:label1\" content=\"Tiempo de lectura\" \/>\n\t<meta name=\"twitter:data1\" content=\"1 minuto\" \/>\n<script type=\"application\/ld+json\" class=\"yoast-schema-graph\">{\"@context\":\"https:\/\/schema.org\",\"@graph\":[{\"@type\":\"WebSite\",\"@id\":\"http:\/\/jcisotex.com\/pb\/#website\",\"url\":\"http:\/\/jcisotex.com\/pb\/\",\"name\":\"ISOTEX\",\"description\":\"\",\"potentialAction\":[{\"@type\":\"SearchAction\",\"target\":{\"@type\":\"EntryPoint\",\"urlTemplate\":\"http:\/\/jcisotex.com\/pb\/?s={search_term_string}\"},\"query-input\":\"required name=search_term_string\"}],\"inLanguage\":\"es-AR\"},{\"@type\":\"ImageObject\",\"@id\":\"http:\/\/jcisotex.com\/es\/produto\/st-k22\/#primaryimage\",\"inLanguage\":\"es-AR\",\"url\":\"http:\/\/jcisotex.com\/wp-content\/uploads\/2021\/02\/tinta-digital-jc-isotex-isonik-st-k22.jpg\",\"contentUrl\":\"http:\/\/jcisotex.com\/wp-content\/uploads\/2021\/02\/tinta-digital-jc-isotex-isonik-st-k22.jpg\",\"width\":1600,\"height\":715},{\"@type\":\"WebPage\",\"@id\":\"http:\/\/jcisotex.com\/es\/produto\/st-k22\/#webpage\",\"url\":\"http:\/\/jcisotex.com\/es\/produto\/st-k22\/\",\"name\":\"ST-K22 - ISOTEX\",\"isPartOf\":{\"@id\":\"http:\/\/jcisotex.com\/pb\/#website\"},\"primaryImageOfPage\":{\"@id\":\"http:\/\/jcisotex.com\/es\/produto\/st-k22\/#primaryimage\"},\"datePublished\":\"2021-02-17T14:33:56+00:00\",\"dateModified\":\"2021-02-25T20:48:19+00:00\",\"breadcrumb\":{\"@id\":\"http:\/\/jcisotex.com\/es\/produto\/st-k22\/#breadcrumb\"},\"inLanguage\":\"es-AR\",\"potentialAction\":[{\"@type\":\"ReadAction\",\"target\":[\"http:\/\/jcisotex.com\/es\/produto\/st-k22\/\"]}]},{\"@type\":\"BreadcrumbList\",\"@id\":\"http:\/\/jcisotex.com\/es\/produto\/st-k22\/#breadcrumb\",\"itemListElement\":[{\"@type\":\"ListItem\",\"position\":1,\"name\":\"In\u00edcio\",\"item\":\"http:\/\/jcisotex.com\/pb\/\"},{\"@type\":\"ListItem\",\"position\":2,\"name\":\"Loja\",\"item\":\"http:\/\/jcisotex.com\/es\/loja\/\"},{\"@type\":\"ListItem\",\"position\":3,\"name\":\"ST-K22\"}]}]}<\/script>\n<!-- \/ Yoast SEO Premium plugin. -->","yoast_head_json":{"title":"ST-K22 - ISOTEX","robots":{"index":"index","follow":"follow","max-snippet":"max-snippet:-1","max-image-preview":"max-image-preview:large","max-video-preview":"max-video-preview:-1"},"canonical":"http:\/\/jcisotex.com\/es\/produto\/st-k22\/","og_locale":"es_ES","og_type":"article","og_title":"ST-K22 - ISOTEX","og_description":"La tinta digital ISONIK ST-K22 tiene colores brillantes y vibrantes que garantizan una gama de colores amplia y profunda. La innovadora tecnolog\u00eda del ISONIK ST-K22 ha sido dise\u00f1ada espec\u00edficamente para proporcionar tasas de secado muy altas y lograr una intensidad de color excepcional en papeles revestidos y no revestidos. El producto es adecuado para todas [&hellip;]","og_url":"http:\/\/jcisotex.com\/es\/produto\/st-k22\/","og_site_name":"ISOTEX","article_modified_time":"2021-02-25T20:48:19+00:00","og_image":[{"width":1600,"height":715,"url":"http:\/\/jcisotex.com\/wp-content\/uploads\/2021\/02\/tinta-digital-jc-isotex-isonik-st-k22.jpg","type":"image\/jpeg"}],"twitter_card":"summary_large_image","twitter_misc":{"Tiempo de lectura":"1 minuto"},"schema":{"@context":"https:\/\/schema.org","@graph":[{"@type":"WebSite","@id":"http:\/\/jcisotex.com\/pb\/#website","url":"http:\/\/jcisotex.com\/pb\/","name":"ISOTEX","description":"","potentialAction":[{"@type":"SearchAction","target":{"@type":"EntryPoint","urlTemplate":"http:\/\/jcisotex.com\/pb\/?s={search_term_string}"},"query-input":"required name=search_term_string"}],"inLanguage":"es-AR"},{"@type":"ImageObject","@id":"http:\/\/jcisotex.com\/es\/produto\/st-k22\/#primaryimage","inLanguage":"es-AR","url":"http:\/\/jcisotex.com\/wp-content\/uploads\/2021\/02\/tinta-digital-jc-isotex-isonik-st-k22.jpg","contentUrl":"http:\/\/jcisotex.com\/wp-content\/uploads\/2021\/02\/tinta-digital-jc-isotex-isonik-st-k22.jpg","width":1600,"height":715},{"@type":"WebPage","@id":"http:\/\/jcisotex.com\/es\/produto\/st-k22\/#webpage","url":"http:\/\/jcisotex.com\/es\/produto\/st-k22\/","name":"ST-K22 - ISOTEX","isPartOf":{"@id":"http:\/\/jcisotex.com\/pb\/#website"},"primaryImageOfPage":{"@id":"http:\/\/jcisotex.com\/es\/produto\/st-k22\/#primaryimage"},"datePublished":"2021-02-17T14:33:56+00:00","dateModified":"2021-02-25T20:48:19+00:00","breadcrumb":{"@id":"http:\/\/jcisotex.com\/es\/produto\/st-k22\/#breadcrumb"},"inLanguage":"es-AR","potentialAction":[{"@type":"ReadAction","target":["http:\/\/jcisotex.com\/es\/produto\/st-k22\/"]}]},{"@type":"BreadcrumbList","@id":"http:\/\/jcisotex.com\/es\/produto\/st-k22\/#breadcrumb","itemListElement":[{"@type":"ListItem","position":1,"name":"In\u00edcio","item":"http:\/\/jcisotex.com\/pb\/"},{"@type":"ListItem","position":2,"name":"Loja","item":"http:\/\/jcisotex.com\/es\/loja\/"},{"@type":"ListItem","position":3,"name":"ST-K22"}]}]}},"_links":{"self":[{"href":"http:\/\/jcisotex.com\/es\/wp-json\/wp\/v2\/product\/725","targetHints":{"allow":["GET"]}}],"collection":[{"href":"http:\/\/jcisotex.com\/es\/wp-json\/wp\/v2\/product"}],"about":[{"href":"http:\/\/jcisotex.com\/es\/wp-json\/wp\/v2\/types\/product"}],"wp:featuredmedia":[{"embeddable":true,"href":"http:\/\/jcisotex.com\/es\/wp-json\/wp\/v2\/media\/371"}],"wp:attachment":[{"href":"http:\/\/jcisotex.com\/es\/wp-json\/wp\/v2\/media?parent=725"}],"wp:term":[{"taxonomy":"product_cat","embeddable":true,"href":"http:\/\/jcisotex.com\/es\/wp-json\/wp\/v2\/product_cat?post=725"},{"taxonomy":"product_tag","embeddable":true,"href":"http:\/\/jcisotex.com\/es\/wp-json\/wp\/v2\/product_tag?post=725"}],"curies":[{"name":"wp","href":"https:\/\/api.w.org\/{rel}","templated":true}]}}