{"id":723,"date":"2021-02-17T11:25:18","date_gmt":"2021-02-17T14:25:18","guid":{"rendered":"http:\/\/isotex.agenciaupper.com.br\/wp\/?post_type=product&#038;p=723"},"modified":"2021-02-25T17:48:49","modified_gmt":"2021-02-25T20:48:49","slug":"st-e44","status":"publish","type":"product","link":"http:\/\/jcisotex.com\/es\/produto\/st-e44\/","title":{"rendered":"ST-E44"},"content":{"rendered":"<p>Esta variante de tinta digital posee colores brillantes y vivos, que garantizan una amplia gama de colores. Debido a su alta concentraci\u00f3n de colorante y su f\u00f3rmula innovadora,<strong> ISONIK<\/strong> ST-E44 es la elecci\u00f3n adecuada para impresiones particularmente dif\u00edciles en aquellos sustratos en que la extrema velocidad de secado y el alto rendimiento de colores son requisitos m\u00ednimos para obtener impresiones de alta calidad.<\/p>\n<div id=\"gtx-trans\" style=\"position: absolute; left: 1229px; top: 48px;\">\n<div class=\"gtx-trans-icon\"><\/div>\n<\/div>\n<p><\/p>","protected":false},"excerpt":{"rendered":"<p>Esta variante de tinta digital posee colores brillantes y vivos, que garantizan una amplia gama de colores. Debido a su alta concentraci\u00f3n de colorante y su f\u00f3rmula innovadora, ISONIK ST-E44 es la elecci\u00f3n adecuada para impresiones particularmente dif\u00edciles en aquellos sustratos en que la extrema velocidad de secado y el alto rendimiento de colores son [&hellip;]<\/p>\n","protected":false},"featured_media":377,"template":"","meta":[],"product_cat":[19],"product_tag":[],"class_list":["post-723","product","type-product","status-publish","has-post-thumbnail","hentry","product_cat-tinta-digital"],"yoast_head":"<!-- This site is optimized with the Yoast SEO Premium plugin v16.1 (Yoast SEO v18.2) - https:\/\/yoast.com\/wordpress\/plugins\/seo\/ -->\n<title>ST-E44 - ISOTEX<\/title>\n<meta name=\"robots\" content=\"index, follow, max-snippet:-1, max-image-preview:large, max-video-preview:-1\" \/>\n<link rel=\"canonical\" href=\"http:\/\/jcisotex.com\/es\/produto\/st-e44\/\" \/>\n<meta property=\"og:locale\" content=\"es_ES\" \/>\n<meta property=\"og:type\" content=\"article\" \/>\n<meta property=\"og:title\" content=\"ST-E44 - ISOTEX\" \/>\n<meta property=\"og:description\" content=\"Esta variante de tinta digital posee colores brillantes y vivos, que garantizan una amplia gama de colores. Debido a su alta concentraci\u00f3n de colorante y su f\u00f3rmula innovadora, ISONIK ST-E44 es la elecci\u00f3n adecuada para impresiones particularmente dif\u00edciles en aquellos sustratos en que la extrema velocidad de secado y el alto rendimiento de colores son [&hellip;]\" \/>\n<meta property=\"og:url\" content=\"http:\/\/jcisotex.com\/es\/produto\/st-e44\/\" \/>\n<meta property=\"og:site_name\" content=\"ISOTEX\" \/>\n<meta property=\"article:modified_time\" content=\"2021-02-25T20:48:49+00:00\" \/>\n<meta property=\"og:image\" content=\"http:\/\/jcisotex.com\/wp-content\/uploads\/2021\/02\/tinta-digital-jc-isotex-isonik-st-e44.jpg\" \/>\n\t<meta property=\"og:image:width\" content=\"1600\" \/>\n\t<meta property=\"og:image:height\" content=\"714\" \/>\n\t<meta property=\"og:image:type\" content=\"image\/jpeg\" \/>\n<meta name=\"twitter:card\" content=\"summary_large_image\" \/>\n<meta name=\"twitter:label1\" content=\"Tiempo de lectura\" \/>\n\t<meta name=\"twitter:data1\" content=\"1 minuto\" \/>\n<script type=\"application\/ld+json\" class=\"yoast-schema-graph\">{\"@context\":\"https:\/\/schema.org\",\"@graph\":[{\"@type\":\"WebSite\",\"@id\":\"http:\/\/jcisotex.com\/pb\/#website\",\"url\":\"http:\/\/jcisotex.com\/pb\/\",\"name\":\"ISOTEX\",\"description\":\"\",\"potentialAction\":[{\"@type\":\"SearchAction\",\"target\":{\"@type\":\"EntryPoint\",\"urlTemplate\":\"http:\/\/jcisotex.com\/pb\/?s={search_term_string}\"},\"query-input\":\"required name=search_term_string\"}],\"inLanguage\":\"es-AR\"},{\"@type\":\"ImageObject\",\"@id\":\"http:\/\/jcisotex.com\/es\/produto\/st-e44\/#primaryimage\",\"inLanguage\":\"es-AR\",\"url\":\"http:\/\/jcisotex.com\/wp-content\/uploads\/2021\/02\/tinta-digital-jc-isotex-isonik-st-e44.jpg\",\"contentUrl\":\"http:\/\/jcisotex.com\/wp-content\/uploads\/2021\/02\/tinta-digital-jc-isotex-isonik-st-e44.jpg\",\"width\":1600,\"height\":714},{\"@type\":\"WebPage\",\"@id\":\"http:\/\/jcisotex.com\/es\/produto\/st-e44\/#webpage\",\"url\":\"http:\/\/jcisotex.com\/es\/produto\/st-e44\/\",\"name\":\"ST-E44 - ISOTEX\",\"isPartOf\":{\"@id\":\"http:\/\/jcisotex.com\/pb\/#website\"},\"primaryImageOfPage\":{\"@id\":\"http:\/\/jcisotex.com\/es\/produto\/st-e44\/#primaryimage\"},\"datePublished\":\"2021-02-17T14:25:18+00:00\",\"dateModified\":\"2021-02-25T20:48:49+00:00\",\"breadcrumb\":{\"@id\":\"http:\/\/jcisotex.com\/es\/produto\/st-e44\/#breadcrumb\"},\"inLanguage\":\"es-AR\",\"potentialAction\":[{\"@type\":\"ReadAction\",\"target\":[\"http:\/\/jcisotex.com\/es\/produto\/st-e44\/\"]}]},{\"@type\":\"BreadcrumbList\",\"@id\":\"http:\/\/jcisotex.com\/es\/produto\/st-e44\/#breadcrumb\",\"itemListElement\":[{\"@type\":\"ListItem\",\"position\":1,\"name\":\"In\u00edcio\",\"item\":\"http:\/\/jcisotex.com\/pb\/\"},{\"@type\":\"ListItem\",\"position\":2,\"name\":\"Loja\",\"item\":\"http:\/\/jcisotex.com\/es\/loja\/\"},{\"@type\":\"ListItem\",\"position\":3,\"name\":\"ST-E44\"}]}]}<\/script>\n<!-- \/ Yoast SEO Premium plugin. -->","yoast_head_json":{"title":"ST-E44 - ISOTEX","robots":{"index":"index","follow":"follow","max-snippet":"max-snippet:-1","max-image-preview":"max-image-preview:large","max-video-preview":"max-video-preview:-1"},"canonical":"http:\/\/jcisotex.com\/es\/produto\/st-e44\/","og_locale":"es_ES","og_type":"article","og_title":"ST-E44 - ISOTEX","og_description":"Esta variante de tinta digital posee colores brillantes y vivos, que garantizan una amplia gama de colores. Debido a su alta concentraci\u00f3n de colorante y su f\u00f3rmula innovadora, ISONIK ST-E44 es la elecci\u00f3n adecuada para impresiones particularmente dif\u00edciles en aquellos sustratos en que la extrema velocidad de secado y el alto rendimiento de colores son [&hellip;]","og_url":"http:\/\/jcisotex.com\/es\/produto\/st-e44\/","og_site_name":"ISOTEX","article_modified_time":"2021-02-25T20:48:49+00:00","og_image":[{"width":1600,"height":714,"url":"http:\/\/jcisotex.com\/wp-content\/uploads\/2021\/02\/tinta-digital-jc-isotex-isonik-st-e44.jpg","type":"image\/jpeg"}],"twitter_card":"summary_large_image","twitter_misc":{"Tiempo de lectura":"1 minuto"},"schema":{"@context":"https:\/\/schema.org","@graph":[{"@type":"WebSite","@id":"http:\/\/jcisotex.com\/pb\/#website","url":"http:\/\/jcisotex.com\/pb\/","name":"ISOTEX","description":"","potentialAction":[{"@type":"SearchAction","target":{"@type":"EntryPoint","urlTemplate":"http:\/\/jcisotex.com\/pb\/?s={search_term_string}"},"query-input":"required name=search_term_string"}],"inLanguage":"es-AR"},{"@type":"ImageObject","@id":"http:\/\/jcisotex.com\/es\/produto\/st-e44\/#primaryimage","inLanguage":"es-AR","url":"http:\/\/jcisotex.com\/wp-content\/uploads\/2021\/02\/tinta-digital-jc-isotex-isonik-st-e44.jpg","contentUrl":"http:\/\/jcisotex.com\/wp-content\/uploads\/2021\/02\/tinta-digital-jc-isotex-isonik-st-e44.jpg","width":1600,"height":714},{"@type":"WebPage","@id":"http:\/\/jcisotex.com\/es\/produto\/st-e44\/#webpage","url":"http:\/\/jcisotex.com\/es\/produto\/st-e44\/","name":"ST-E44 - ISOTEX","isPartOf":{"@id":"http:\/\/jcisotex.com\/pb\/#website"},"primaryImageOfPage":{"@id":"http:\/\/jcisotex.com\/es\/produto\/st-e44\/#primaryimage"},"datePublished":"2021-02-17T14:25:18+00:00","dateModified":"2021-02-25T20:48:49+00:00","breadcrumb":{"@id":"http:\/\/jcisotex.com\/es\/produto\/st-e44\/#breadcrumb"},"inLanguage":"es-AR","potentialAction":[{"@type":"ReadAction","target":["http:\/\/jcisotex.com\/es\/produto\/st-e44\/"]}]},{"@type":"BreadcrumbList","@id":"http:\/\/jcisotex.com\/es\/produto\/st-e44\/#breadcrumb","itemListElement":[{"@type":"ListItem","position":1,"name":"In\u00edcio","item":"http:\/\/jcisotex.com\/pb\/"},{"@type":"ListItem","position":2,"name":"Loja","item":"http:\/\/jcisotex.com\/es\/loja\/"},{"@type":"ListItem","position":3,"name":"ST-E44"}]}]}},"_links":{"self":[{"href":"http:\/\/jcisotex.com\/es\/wp-json\/wp\/v2\/product\/723","targetHints":{"allow":["GET"]}}],"collection":[{"href":"http:\/\/jcisotex.com\/es\/wp-json\/wp\/v2\/product"}],"about":[{"href":"http:\/\/jcisotex.com\/es\/wp-json\/wp\/v2\/types\/product"}],"wp:featuredmedia":[{"embeddable":true,"href":"http:\/\/jcisotex.com\/es\/wp-json\/wp\/v2\/media\/377"}],"wp:attachment":[{"href":"http:\/\/jcisotex.com\/es\/wp-json\/wp\/v2\/media?parent=723"}],"wp:term":[{"taxonomy":"product_cat","embeddable":true,"href":"http:\/\/jcisotex.com\/es\/wp-json\/wp\/v2\/product_cat?post=723"},{"taxonomy":"product_tag","embeddable":true,"href":"http:\/\/jcisotex.com\/es\/wp-json\/wp\/v2\/product_tag?post=723"}],"curies":[{"name":"wp","href":"https:\/\/api.w.org\/{rel}","templated":true}]}}