{"id":9,"date":"2021-02-01T19:11:19","date_gmt":"2021-02-01T22:11:19","guid":{"rendered":"http:\/\/isotex.agenciaupper.com.br\/wp\/?page_id=9"},"modified":"2022-02-02T17:01:23","modified_gmt":"2022-02-02T20:01:23","slug":"sobre-a-isotex","status":"publish","type":"page","link":"http:\/\/jcisotex.com\/es\/sobre-a-isotex\/","title":{"rendered":"Sobre n\u00f3s"},"content":{"rendered":"<p>[vc_row][vc_column][vc_column_text css=&#8221;.vc_custom_1620064794100{margin-top: -20px !important;}&#8221;]<\/p>\n<p style=\"text-align: center;\">\n\t\t\t<!-- START Sobre REVOLUTION SLIDER 6.0.6 --><p class=\"rs-p-wp-fix\"><\/p>\n\t\t\t<rs-module-wrap id=\"rev_slider_14_2_wrapper\" data-source=\"gallery\" style=\"background:transparent;padding:0;margin:0px auto;margin-top:0;margin-bottom:0;\">\n\t\t\t\t<rs-module id=\"rev_slider_14_2\" style=\"display:none;\" data-version=\"6.0.6\">\n\t\t\t\t\t<rs-slides>\n\t\t\t\t\t\t<rs-slide data-key=\"rs-27\" data-title=\"Slide\" data-anim=\"ei:d;eo:d;s:1000;r:0;t:fade;sl:0;\">\n\t\t\t\t\t\t\t<img decoding=\"async\" src=\"\/\/jcisotex.com\/wp-content\/plugins\/revslider\/public\/assets\/assets\/transparent.png\" title=\"Sobre n\u00f3s\" class=\"rev-slidebg\" data-no-retina>\n<!--\n\t\t\t\t\t\t\t--><rs-layer\n\t\t\t\t\t\t\t\tid=\"slider-14-slide-27-layer-0\" \n\t\t\t\t\t\t\t\tdata-type=\"image\"\n\t\t\t\t\t\t\t\tdata-rsp_ch=\"on\"\n\t\t\t\t\t\t\t\tdata-xy=\"x:-4px;y:-3px;\"\n\t\t\t\t\t\t\t\tdata-text=\"w:normal;\"\n\t\t\t\t\t\t\t\tdata-dim=\"w:1903px;h:500px;\"\n\t\t\t\t\t\t\t\tdata-frame_999=\"o:0;st:w;\"\n\t\t\t\t\t\t\t\tstyle=\"z-index:5;font-family:Roboto;\"\n\t\t\t\t\t\t\t><img loading=\"lazy\" decoding=\"async\" src=\"\/\/jcisotex.com\/wp-content\/uploads\/2021\/04\/Sobre.jpg\" width=\"1903\" height=\"500\" data-no-retina> \n\t\t\t\t\t\t\t<\/rs-layer><!--\n-->\t\t\t\t\t\t<\/rs-slide>\n\t\t\t\t\t<\/rs-slides>\n\t\t\t\t\t<rs-progress class=\"rs-bottom\" style=\"visibility: hidden !important;\"><\/rs-progress>\n\t\t\t\t<\/rs-module>\n\t\t\t\t<script type=\"text\/javascript\">\n\t\t\t\t\tsetREVStartSize({c: 'rev_slider_14_2',rl:[1240,1024,778,480],el:[400],gw:[1920],gh:[400],layout:'fullwidth',mh:\"0\"});\n\t\t\t\t\tvar\trevapi14,\n\t\t\t\t\t\ttpj;\n\t\t\t\t\tjQuery(function() {\n\t\t\t\t\t\ttpj = jQuery;\n\t\t\t\t\t\tif(tpj(\"#rev_slider_14_2\").revolution == undefined){\n\t\t\t\t\t\t\trevslider_showDoubleJqueryError(\"#rev_slider_14_2\");\n\t\t\t\t\t\t}else{\n\t\t\t\t\t\t\trevapi14 = tpj(\"#rev_slider_14_2\").show().revolution({\n\t\t\t\t\t\t\t\tjsFileLocation:\"\/\/jcisotex.com\/wp-content\/plugins\/revslider\/public\/assets\/js\/\",\n\t\t\t\t\t\t\t\tsliderLayout:\"fullwidth\",\n\t\t\t\t\t\t\t\tvisibilityLevels:\"1240,1024,778,480\",\n\t\t\t\t\t\t\t\tgridwidth:1920,\n\t\t\t\t\t\t\t\tgridheight:400,\n\t\t\t\t\t\t\t\tminHeight:\"\",\n\t\t\t\t\t\t\t\tspinner:\"spinner0\",\n\t\t\t\t\t\t\t\teditorheight:\"400,768,960,720\",\n\t\t\t\t\t\t\t\tresponsiveLevels:\"1240,1024,778,480\",\n\t\t\t\t\t\t\t\tdisableProgressBar:\"on\",\n\t\t\t\t\t\t\t\tnavigation: {\n\t\t\t\t\t\t\t\t\tonHoverStop:false\n\t\t\t\t\t\t\t\t},\n\t\t\t\t\t\t\t\tfallbacks: {\n\t\t\t\t\t\t\t\t\tallowHTML5AutoPlayOnAndroid:true\n\t\t\t\t\t\t\t\t},\n\t\t\t\t\t\t\t});\n\t\t\t\t\t\t}\n\t\t\t\t\t\t\n\t\t\t\t\t});\n\t\t\t\t<\/script>\n\t\t\t<\/rs-module-wrap>\n\t\t\t<!-- END REVOLUTION SLIDER -->\n<\/p>\n<p>[\/vc_column_text][vc_custom_heading text=&#8221;Conhecendo a ISOTEX&#8221; font_container=&#8221;tag:h2|text_align:center|color:%23e95314&#8243; use_theme_fonts=&#8221;yes&#8221;][vc_column_text css=&#8221;.vc_custom_1643832054781{margin-top: -15px !important;}&#8221; el_class=&#8221;highlighted-paragraph&#8221;]<\/p>\n<p style=\"text-align: center;\">Em 2013, Harutiun Manoukian ingressou na <strong>ISOCARBO<\/strong>, empresa italiana fundada em 1923, com base em sua vasta experi\u00eancia no desenvolvimento, produ\u00e7\u00e3o e fornecimento de tintas reativas e de sublima\u00e7\u00e3o digital para o mercado global.<\/p>\n<p style=\"text-align: center;\">Em 2018, Cristiano Manenti fundou o grupo <strong style=\"color: #e95314;\">ISOTEX<\/strong>, ap\u00f3s uma longa experi\u00eancia como diretor de vendas e desenvolvimento comercial em empresas de renome e l\u00edderes mundiais na produ\u00e7\u00e3o de tintas digitais para o setor t\u00eaxtil, iniciando assim a associa\u00e7\u00e3o com a Isocarbo It\u00e1lia, desde ent\u00e3o um relacionamento longo e s\u00f3lido com Harutiun Manoukian.<\/p>\n<p style=\"text-align: center;\"><strong style=\"color: #e95314;\">ISOTEX<\/strong> e <strong>ISOCARBO<\/strong> t\u00eam como objetivo liderar o mercado t\u00eaxtil sul-americano e trazer um produto italiano da mais alta qualidade, al\u00e9m de experi\u00eancia profissional e t\u00e9cnica, que permita aos nossos clientes obter rentabilidade e compet\u00eancia no mercado de sublima\u00e7\u00e3o.<\/p>\n<p>[\/vc_column_text][\/vc_column][\/vc_row][vc_row full_width=&#8221;stretch_row&#8221; equal_height=&#8221;yes&#8221; content_placement=&#8221;middle&#8221; text_align=&#8221;center&#8221; remove_border=&#8221;yes&#8221; css=&#8221;.vc_custom_1613602804553{padding-top: 40px !important;padding-bottom: 30px !important;background-color: #e95314 !important;}&#8221; el_class=&#8221;.desktop-only-flex&#8221;][vc_column width=&#8221;1\/3&#8243;][vc_single_image image=&#8221;355&#8243; alignment=&#8221;center&#8221;][vc_custom_heading text=&#8221;Miss\u00e3o&#8221; font_container=&#8221;tag:h4|text_align:center|color:%23ffffff&#8221; use_theme_fonts=&#8221;yes&#8221; css=&#8221;.vc_custom_1614201783151{margin-top: -30px !important;}&#8221; el_class=&#8221;title-icon&#8221;][vc_column_text el_class=&#8221;icon-text&#8221;]<\/p>\n<p style=\"text-align: center; color: #f2f2f2;\">A <strong>ISOTEX<\/strong> trabalha todos os dias com paix\u00e3o, compromisso e transpar\u00eancia para levar ao mercado t\u00eaxtil solu\u00e7\u00f5es diferenciadas.<\/p>\n<p>[\/vc_column_text][\/vc_column][vc_column width=&#8221;1\/3&#8243;][vc_single_image image=&#8221;350&#8243; alignment=&#8221;center&#8221;][vc_custom_heading text=&#8221;Vis\u00e3o&#8221; font_container=&#8221;tag:h4|text_align:center|color:%23ffffff&#8221; use_theme_fonts=&#8221;yes&#8221; css=&#8221;.vc_custom_1614201790745{margin-top: -35px !important;}&#8221; el_class=&#8221;title-icon&#8221;][vc_column_text el_class=&#8221;icon-text&#8221;]<\/p>\n<p style=\"text-align: center; color: #f2f2f2;\">Colorir o mercado t\u00eaxtil<br \/>\ncom o nosso conhecimento!<\/p>\n<p>[\/vc_column_text][\/vc_column][vc_column width=&#8221;1\/3&#8243;][vc_single_image image=&#8221;353&#8243; alignment=&#8221;center&#8221;][vc_custom_heading text=&#8221;Valores&#8221; font_container=&#8221;tag:h4|text_align:center|color:%23ffffff&#8221; use_theme_fonts=&#8221;yes&#8221; css=&#8221;.vc_custom_1614201795803{margin-top: -30px !important;}&#8221; el_class=&#8221;title-icon&#8221;][vc_row_inner][vc_column_inner width=&#8221;1\/2&#8243;][vc_column_text el_class=&#8221;.line-list icon-text&#8221;]<\/p>\n<p style=\"text-align: right; color: #f2f2f2;\"><strong>\u2713<\/strong>\u00a0 Paix\u00e3o<br \/>\n<strong>\u2713\u00a0 <\/strong>Pessoas<br \/>\n<strong>\u2713\u00a0 <\/strong>Respeito<br \/>\n<strong>\u2713\u00a0 <\/strong>Excel\u00eancia<\/p>\n<p>[\/vc_column_text][\/vc_column_inner][vc_column_inner width=&#8221;1\/2&#8243;][vc_column_text el_class=&#8221;.line-list icon-text&#8221;]<\/p>\n<p style=\"color: #f2f2f2; text-align: left;\"><strong>\u2713<\/strong>\u00a0 Integridade<br \/>\n<strong>\u2713<\/strong>\u00a0 Determina\u00e7\u00e3o<br \/>\n<strong>\u2713<\/strong>\u00a0 Responsabilidade<\/p>\n<p>[\/vc_column_text][\/vc_column_inner][\/vc_row_inner][\/vc_column][\/vc_row]<\/p>","protected":false},"excerpt":{"rendered":"<p>[vc_row][vc_column][vc_column_text css=&#8221;.vc_custom_1620064794100{margin-top: -20px !important;}&#8221;] [\/vc_column_text][vc_custom_heading text=&#8221;Conhecendo a ISOTEX&#8221; font_container=&#8221;tag:h2|text_align:center|color:%23e95314&#8243; use_theme_fonts=&#8221;yes&#8221;][vc_column_text css=&#8221;.vc_custom_1643832054781{margin-top: -15px !important;}&#8221; el_class=&#8221;highlighted-paragraph&#8221;] Em 2013, Harutiun Manoukian ingressou na ISOCARBO, empresa italiana fundada em 1923, com base em sua vasta experi\u00eancia no desenvolvimento, produ\u00e7\u00e3o e fornecimento de tintas reativas e de sublima\u00e7\u00e3o digital para o mercado global. Em 2018, Cristiano Manenti fundou o grupo [&hellip;]<\/p>\n","protected":false},"author":1,"featured_media":0,"parent":0,"menu_order":0,"comment_status":"closed","ping_status":"closed","template":"","meta":{"footnotes":""},"class_list":["post-9","page","type-page","status-publish","hentry"],"yoast_head":"<!-- This site is optimized with the Yoast SEO Premium plugin v16.1 (Yoast SEO v18.2) - https:\/\/yoast.com\/wordpress\/plugins\/seo\/ -->\n<title>Sobre n\u00f3s - ISOTEX<\/title>\n<meta name=\"robots\" content=\"index, follow, max-snippet:-1, max-image-preview:large, max-video-preview:-1\" \/>\n<link rel=\"canonical\" href=\"https:\/\/jcisotex.com\/es\/sobre-a-isotex\/\" \/>\n<meta property=\"og:locale\" content=\"es_ES\" \/>\n<meta property=\"og:type\" content=\"article\" \/>\n<meta property=\"og:title\" content=\"Sobre n\u00f3s - ISOTEX\" \/>\n<meta property=\"og:description\" content=\"[vc_row][vc_column][vc_column_text css=&#8221;.vc_custom_1620064794100{margin-top: -20px !important;}&#8221;] [\/vc_column_text][vc_custom_heading text=&#8221;Conhecendo a ISOTEX&#8221; font_container=&#8221;tag:h2|text_align:center|color:%23e95314&#8243; use_theme_fonts=&#8221;yes&#8221;][vc_column_text css=&#8221;.vc_custom_1643832054781{margin-top: -15px !important;}&#8221; el_class=&#8221;highlighted-paragraph&#8221;] Em 2013, Harutiun Manoukian ingressou na ISOCARBO, empresa italiana fundada em 1923, com base em sua vasta experi\u00eancia no desenvolvimento, produ\u00e7\u00e3o e fornecimento de tintas reativas e de sublima\u00e7\u00e3o digital para o mercado global. Em 2018, Cristiano Manenti fundou o grupo [&hellip;]\" \/>\n<meta property=\"og:url\" content=\"https:\/\/jcisotex.com\/es\/sobre-a-isotex\/\" \/>\n<meta property=\"og:site_name\" content=\"ISOTEX\" \/>\n<meta property=\"article:modified_time\" content=\"2022-02-02T20:01:23+00:00\" \/>\n<meta name=\"twitter:card\" content=\"summary_large_image\" \/>\n<meta name=\"twitter:label1\" content=\"Tiempo de lectura\" \/>\n\t<meta name=\"twitter:data1\" content=\"2 minutos\" \/>\n<script type=\"application\/ld+json\" class=\"yoast-schema-graph\">{\"@context\":\"https:\/\/schema.org\",\"@graph\":[{\"@type\":\"WebSite\",\"@id\":\"http:\/\/jcisotex.com\/pb\/#website\",\"url\":\"http:\/\/jcisotex.com\/pb\/\",\"name\":\"ISOTEX\",\"description\":\"\",\"potentialAction\":[{\"@type\":\"SearchAction\",\"target\":{\"@type\":\"EntryPoint\",\"urlTemplate\":\"http:\/\/jcisotex.com\/pb\/?s={search_term_string}\"},\"query-input\":\"required name=search_term_string\"}],\"inLanguage\":\"es-AR\"},{\"@type\":\"WebPage\",\"@id\":\"https:\/\/jcisotex.com\/es\/sobre-a-isotex\/#webpage\",\"url\":\"https:\/\/jcisotex.com\/es\/sobre-a-isotex\/\",\"name\":\"Sobre n\u00f3s - ISOTEX\",\"isPartOf\":{\"@id\":\"http:\/\/jcisotex.com\/pb\/#website\"},\"datePublished\":\"2021-02-01T22:11:19+00:00\",\"dateModified\":\"2022-02-02T20:01:23+00:00\",\"breadcrumb\":{\"@id\":\"https:\/\/jcisotex.com\/es\/sobre-a-isotex\/#breadcrumb\"},\"inLanguage\":\"es-AR\",\"potentialAction\":[{\"@type\":\"ReadAction\",\"target\":[\"https:\/\/jcisotex.com\/es\/sobre-a-isotex\/\"]}]},{\"@type\":\"BreadcrumbList\",\"@id\":\"https:\/\/jcisotex.com\/es\/sobre-a-isotex\/#breadcrumb\",\"itemListElement\":[{\"@type\":\"ListItem\",\"position\":1,\"name\":\"In\u00edcio\",\"item\":\"http:\/\/jcisotex.com\/pb\/\"},{\"@type\":\"ListItem\",\"position\":2,\"name\":\"Sobre n\u00f3s\"}]}]}<\/script>\n<!-- \/ Yoast SEO Premium plugin. -->","yoast_head_json":{"title":"Sobre n\u00f3s - ISOTEX","robots":{"index":"index","follow":"follow","max-snippet":"max-snippet:-1","max-image-preview":"max-image-preview:large","max-video-preview":"max-video-preview:-1"},"canonical":"https:\/\/jcisotex.com\/es\/sobre-a-isotex\/","og_locale":"es_ES","og_type":"article","og_title":"Sobre n\u00f3s - ISOTEX","og_description":"[vc_row][vc_column][vc_column_text css=&#8221;.vc_custom_1620064794100{margin-top: -20px !important;}&#8221;] [\/vc_column_text][vc_custom_heading text=&#8221;Conhecendo a ISOTEX&#8221; font_container=&#8221;tag:h2|text_align:center|color:%23e95314&#8243; use_theme_fonts=&#8221;yes&#8221;][vc_column_text css=&#8221;.vc_custom_1643832054781{margin-top: -15px !important;}&#8221; el_class=&#8221;highlighted-paragraph&#8221;] Em 2013, Harutiun Manoukian ingressou na ISOCARBO, empresa italiana fundada em 1923, com base em sua vasta experi\u00eancia no desenvolvimento, produ\u00e7\u00e3o e fornecimento de tintas reativas e de sublima\u00e7\u00e3o digital para o mercado global. Em 2018, Cristiano Manenti fundou o grupo [&hellip;]","og_url":"https:\/\/jcisotex.com\/es\/sobre-a-isotex\/","og_site_name":"ISOTEX","article_modified_time":"2022-02-02T20:01:23+00:00","twitter_card":"summary_large_image","twitter_misc":{"Tiempo de lectura":"2 minutos"},"schema":{"@context":"https:\/\/schema.org","@graph":[{"@type":"WebSite","@id":"http:\/\/jcisotex.com\/pb\/#website","url":"http:\/\/jcisotex.com\/pb\/","name":"ISOTEX","description":"","potentialAction":[{"@type":"SearchAction","target":{"@type":"EntryPoint","urlTemplate":"http:\/\/jcisotex.com\/pb\/?s={search_term_string}"},"query-input":"required name=search_term_string"}],"inLanguage":"es-AR"},{"@type":"WebPage","@id":"https:\/\/jcisotex.com\/es\/sobre-a-isotex\/#webpage","url":"https:\/\/jcisotex.com\/es\/sobre-a-isotex\/","name":"Sobre n\u00f3s - ISOTEX","isPartOf":{"@id":"http:\/\/jcisotex.com\/pb\/#website"},"datePublished":"2021-02-01T22:11:19+00:00","dateModified":"2022-02-02T20:01:23+00:00","breadcrumb":{"@id":"https:\/\/jcisotex.com\/es\/sobre-a-isotex\/#breadcrumb"},"inLanguage":"es-AR","potentialAction":[{"@type":"ReadAction","target":["https:\/\/jcisotex.com\/es\/sobre-a-isotex\/"]}]},{"@type":"BreadcrumbList","@id":"https:\/\/jcisotex.com\/es\/sobre-a-isotex\/#breadcrumb","itemListElement":[{"@type":"ListItem","position":1,"name":"In\u00edcio","item":"http:\/\/jcisotex.com\/pb\/"},{"@type":"ListItem","position":2,"name":"Sobre n\u00f3s"}]}]}},"_links":{"self":[{"href":"http:\/\/jcisotex.com\/es\/wp-json\/wp\/v2\/pages\/9","targetHints":{"allow":["GET"]}}],"collection":[{"href":"http:\/\/jcisotex.com\/es\/wp-json\/wp\/v2\/pages"}],"about":[{"href":"http:\/\/jcisotex.com\/es\/wp-json\/wp\/v2\/types\/page"}],"author":[{"embeddable":true,"href":"http:\/\/jcisotex.com\/es\/wp-json\/wp\/v2\/users\/1"}],"replies":[{"embeddable":true,"href":"http:\/\/jcisotex.com\/es\/wp-json\/wp\/v2\/comments?post=9"}],"version-history":[{"count":149,"href":"http:\/\/jcisotex.com\/es\/wp-json\/wp\/v2\/pages\/9\/revisions"}],"predecessor-version":[{"id":1540,"href":"http:\/\/jcisotex.com\/es\/wp-json\/wp\/v2\/pages\/9\/revisions\/1540"}],"wp:attachment":[{"href":"http:\/\/jcisotex.com\/es\/wp-json\/wp\/v2\/media?parent=9"}],"curies":[{"name":"wp","href":"https:\/\/api.w.org\/{rel}","templated":true}]}}